{"id":2041,"date":"2024-05-23T13:40:47","date_gmt":"2024-05-23T13:40:47","guid":{"rendered":"https:\/\/nostrum.lt\/?page_id=2041"},"modified":"2024-11-21T12:05:50","modified_gmt":"2024-11-21T12:05:50","slug":"recruitment-service","status":"publish","type":"page","link":"https:\/\/nostrum.lt\/en\/looking-for-an-employee\/recruitment-service\/","title":{"rendered":"Recruitment service"},"content":{"rendered":"\t\t<div data-elementor-type=\"wp-page\" data-elementor-id=\"2041\" class=\"elementor elementor-2041 elementor-1805\" data-elementor-post-type=\"page\">\n\t\t\t\t\t\t\t\t\t<section data-particle_enable=\"false\" data-particle-mobile-disabled=\"false\" class=\"elementor-section elementor-top-section elementor-element elementor-element-5dd5d18 page-title elementor-section-boxed elementor-section-height-default elementor-section-height-default\" data-id=\"5dd5d18\" data-element_type=\"section\" data-settings=\"{&quot;background_background&quot;:&quot;classic&quot;}\">\n\t\t\t\t\t\t\t<div class=\"elementor-background-overlay\"><\/div>\n\t\t\t\t\t\t\t<div class=\"elementor-container elementor-column-gap-no\">\n\t\t\t\t\t<div class=\"elementor-column elementor-col-50 elementor-top-column elementor-element elementor-element-60e1b367\" data-id=\"60e1b367\" data-element_type=\"column\">\n\t\t\t<div class=\"elementor-widget-wrap elementor-element-populated\">\n\t\t\t\t\t\t\t\t<div class=\"elementor-element elementor-element-77f39179 elementor-widget elementor-widget-heading\" data-id=\"77f39179\" data-element_type=\"widget\" data-widget_type=\"heading.default\">\n\t\t\t\t<div class=\"elementor-widget-container\">\n\t\t\t<style>\/*! elementor - v3.16.0 - 20-09-2023 *\/\n.elementor-heading-title{padding:0;margin:0;line-height:1}.elementor-widget-heading .elementor-heading-title[class*=elementor-size-]>a{color:inherit;font-size:inherit;line-height:inherit}.elementor-widget-heading .elementor-heading-title.elementor-size-small{font-size:15px}.elementor-widget-heading .elementor-heading-title.elementor-size-medium{font-size:19px}.elementor-widget-heading .elementor-heading-title.elementor-size-large{font-size:29px}.elementor-widget-heading .elementor-heading-title.elementor-size-xl{font-size:39px}.elementor-widget-heading .elementor-heading-title.elementor-size-xxl{font-size:59px}<\/style><h1 class=\"elementor-heading-title elementor-size-default\">Recruitment service<\/h1>\t\t<\/div>\n\t\t\t\t<\/div>\n\t\t\t\t\t<\/div>\n\t\t<\/div>\n\t\t\t\t<div class=\"elementor-column elementor-col-50 elementor-top-column elementor-element elementor-element-47c97ce bread-block\" data-id=\"47c97ce\" data-element_type=\"column\">\n\t\t\t<div class=\"elementor-widget-wrap elementor-element-populated\">\n\t\t\t\t\t\t\t\t<div class=\"elementor-element elementor-element-ce4b9ec elementor-align-right elementor-widget elementor-widget-breadcrumbs\" data-id=\"ce4b9ec\" data-element_type=\"widget\" data-widget_type=\"breadcrumbs.default\">\n\t\t\t\t<div class=\"elementor-widget-container\">\n\t\t\t<link rel=\"stylesheet\" href=\"https:\/\/nostrum.lt\/wp-content\/plugins\/elementor-pro\/assets\/css\/widget-theme-elements.min.css\"><p id=\"breadcrumbs\"><span><span><a href=\"https:\/\/nostrum.lt\/en\/\">Pradinis<\/a><\/span><\/span><\/p>\t\t<\/div>\n\t\t\t\t<\/div>\n\t\t\t\t\t<\/div>\n\t\t<\/div>\n\t\t\t\t\t\t\t<\/div>\n\t\t<\/section>\n\t\t<div class=\"elementor-element elementor-element-30488048 simple-content e-flex e-con-boxed e-con e-parent\" data-id=\"30488048\" data-element_type=\"container\" data-settings=\"{&quot;content_width&quot;:&quot;boxed&quot;}\" data-core-v316-plus=\"true\">\n\t\t\t\t\t<div class=\"e-con-inner\">\n\t\t<div class=\"elementor-element elementor-element-5249eacd e-con-full e-flex e-con e-child\" data-id=\"5249eacd\" data-element_type=\"container\" data-settings=\"{&quot;content_width&quot;:&quot;full&quot;}\">\n\t\t\t\t<div class=\"elementor-element elementor-element-7432a5bb elementor-widget elementor-widget-text-editor\" data-id=\"7432a5bb\" data-element_type=\"widget\" data-widget_type=\"text-editor.default\">\n\t\t\t\t<div class=\"elementor-widget-container\">\n\t\t\t<style>\/*! elementor - v3.16.0 - 20-09-2023 *\/\n.elementor-widget-text-editor.elementor-drop-cap-view-stacked .elementor-drop-cap{background-color:#69727d;color:#fff}.elementor-widget-text-editor.elementor-drop-cap-view-framed .elementor-drop-cap{color:#69727d;border:3px solid;background-color:transparent}.elementor-widget-text-editor:not(.elementor-drop-cap-view-default) .elementor-drop-cap{margin-top:8px}.elementor-widget-text-editor:not(.elementor-drop-cap-view-default) .elementor-drop-cap-letter{width:1em;height:1em}.elementor-widget-text-editor .elementor-drop-cap{float:left;text-align:center;line-height:1;font-size:50px}.elementor-widget-text-editor .elementor-drop-cap-letter{display:inline-block}<\/style>\t\t\t\t<p>Recruitment of employees, or temporary employment, is a service that allows you to hire labour without the commitment of employment. We select employees according to our clients&#8217; requirements, employ them in our company and send them to work for our clients. Once recruited, the employees are under the authority of the client and carry out their direct instructions. This service allows the client to flexibly manage the need for personnel without having to recruit employees in their company.<\/p><p><b>We are responsible for:<\/b><\/p><ul><li aria-level=\"1\">Selection of employees;<\/li><li aria-level=\"1\">Work process management;<\/li><li aria-level=\"1\">tax and personnel document accounting.<\/li><\/ul>\t\t\t\t\t\t<\/div>\n\t\t\t\t<\/div>\n\t\t\t\t<\/div>\n\t\t<div class=\"elementor-element elementor-element-580e183c e-con-full e-transform e-flex e-con e-child\" data-id=\"580e183c\" data-element_type=\"container\" data-settings=\"{&quot;content_width&quot;:&quot;full&quot;,&quot;_transform_rotateZ_effect&quot;:{&quot;unit&quot;:&quot;px&quot;,&quot;size&quot;:&quot;&quot;,&quot;sizes&quot;:[]},&quot;_transform_rotateZ_effect_tablet&quot;:{&quot;unit&quot;:&quot;deg&quot;,&quot;size&quot;:&quot;&quot;,&quot;sizes&quot;:[]},&quot;_transform_rotateZ_effect_mobile&quot;:{&quot;unit&quot;:&quot;deg&quot;,&quot;size&quot;:&quot;&quot;,&quot;sizes&quot;:[]}}\">\n\t\t\t\t<div class=\"elementor-element elementor-element-1891372c elementor-widget elementor-widget-image\" data-id=\"1891372c\" data-element_type=\"widget\" data-widget_type=\"image.default\">\n\t\t\t\t<div class=\"elementor-widget-container\">\n\t\t\t<style>\/*! elementor - v3.16.0 - 20-09-2023 *\/\n.elementor-widget-image{text-align:center}.elementor-widget-image a{display:inline-block}.elementor-widget-image a img[src$=\".svg\"]{width:48px}.elementor-widget-image img{vertical-align:middle;display:inline-block}<\/style>\t\t\t\t\t\t\t\t\t\t\t\t<img loading=\"lazy\" decoding=\"async\" width=\"1024\" height=\"683\" src=\"https:\/\/nostrum.lt\/wp-content\/uploads\/2024\/05\/darbuotoju_nuoma-1024x683.jpg\" class=\"attachment-large size-large wp-image-1867\" alt=\"Darbuotoj\u0173 nuoma\" srcset=\"https:\/\/nostrum.lt\/wp-content\/uploads\/2024\/05\/darbuotoju_nuoma-1024x683.jpg 1024w, https:\/\/nostrum.lt\/wp-content\/uploads\/2024\/05\/darbuotoju_nuoma-300x200.jpg 300w, https:\/\/nostrum.lt\/wp-content\/uploads\/2024\/05\/darbuotoju_nuoma-768x512.jpg 768w, https:\/\/nostrum.lt\/wp-content\/uploads\/2024\/05\/darbuotoju_nuoma-1536x1024.jpg 1536w, https:\/\/nostrum.lt\/wp-content\/uploads\/2024\/05\/darbuotoju_nuoma-2048x1366.jpg 2048w\" sizes=\"auto, (max-width: 1024px) 100vw, 1024px\" \/>\t\t\t\t\t\t\t\t\t\t\t\t\t\t\t<\/div>\n\t\t\t\t<\/div>\n\t\t\t\t<\/div>\n\t\t\t\t\t<\/div>\n\t\t\t\t<\/div>\n\t\t\t\t<section data-particle_enable=\"false\" data-particle-mobile-disabled=\"false\" class=\"elementor-section elementor-top-section elementor-element elementor-element-5e90d7b6 elementor-section-content-middle elementor-section-boxed elementor-section-height-default elementor-section-height-default\" data-id=\"5e90d7b6\" data-element_type=\"section\" data-settings=\"{&quot;background_background&quot;:&quot;gradient&quot;}\">\n\t\t\t\t\t\t<div class=\"elementor-container elementor-column-gap-no\">\n\t\t\t\t\t<div class=\"elementor-column elementor-col-50 elementor-top-column elementor-element elementor-element-7f4d9d87\" data-id=\"7f4d9d87\" data-element_type=\"column\">\n\t\t\t<div class=\"elementor-widget-wrap elementor-element-populated\">\n\t\t\t\t\t\t\t\t<div class=\"elementor-element elementor-element-22c033fa elementor-widget elementor-widget-heading\" data-id=\"22c033fa\" data-element_type=\"widget\" data-widget_type=\"heading.default\">\n\t\t\t\t<div class=\"elementor-widget-container\">\n\t\t\t<h2 class=\"elementor-heading-title elementor-size-default\">Contact us<\/h2>\t\t<\/div>\n\t\t\t\t<\/div>\n\t\t\t\t<div class=\"elementor-element elementor-element-55041a93 elementor-widget elementor-widget-text-editor\" data-id=\"55041a93\" data-element_type=\"widget\" data-widget_type=\"text-editor.default\">\n\t\t\t\t<div class=\"elementor-widget-container\">\n\t\t\t\t\t\t\t<p>\u201eMes surasime personal\u0105 J\u016bs\u0173 pageidaujamai pozicijai. Viskas, k\u0105 Jums reikia padaryti \u2013 susisiekti su mumis\u201c<\/p>\t\t\t\t\t\t<\/div>\n\t\t\t\t<\/div>\n\t\t\t\t<div class=\"elementor-element elementor-element-73074c56 elementor-icon-list--layout-traditional elementor-list-item-link-full_width elementor-widget elementor-widget-icon-list\" data-id=\"73074c56\" data-element_type=\"widget\" data-widget_type=\"icon-list.default\">\n\t\t\t\t<div class=\"elementor-widget-container\">\n\t\t\t<link rel=\"stylesheet\" href=\"https:\/\/nostrum.lt\/wp-content\/plugins\/elementor\/assets\/css\/widget-icon-list.min.css\">\t\t<ul class=\"elementor-icon-list-items\">\n\t\t\t\t\t\t\t<li class=\"elementor-icon-list-item\">\n\t\t\t\t\t\t\t\t\t\t\t<a href=\"tel:%20+37067037707\">\n\n\t\t\t\t\t\t\t\t\t\t\t\t<span class=\"elementor-icon-list-icon\">\n\t\t\t\t\t\t\t<i aria-hidden=\"true\" class=\"fas fa-phone\"><\/i>\t\t\t\t\t\t<\/span>\n\t\t\t\t\t\t\t\t\t\t<span class=\"elementor-icon-list-text\"> +370 670 37707<\/span>\n\t\t\t\t\t\t\t\t\t\t\t<\/a>\n\t\t\t\t\t\t\t\t\t<\/li>\n\t\t\t\t\t\t<\/ul>\n\t\t\t\t<\/div>\n\t\t\t\t<\/div>\n\t\t\t\t\t<\/div>\n\t\t<\/div>\n\t\t\t\t<div class=\"elementor-column elementor-col-50 elementor-top-column elementor-element elementor-element-387aa6a5\" data-id=\"387aa6a5\" data-element_type=\"column\" data-settings=\"{&quot;background_background&quot;:&quot;classic&quot;}\">\n\t\t\t<div class=\"elementor-widget-wrap elementor-element-populated\">\n\t\t\t\t\t\t\t\t<div class=\"elementor-element elementor-element-7e3b3f9b elementor-widget elementor-widget-shortcode\" data-id=\"7e3b3f9b\" data-element_type=\"widget\" data-widget_type=\"shortcode.default\">\n\t\t\t\t<div class=\"elementor-widget-container\">\n\t\t\t\t\t<div class=\"elementor-shortcode\"><div class=\"wpforms-container \" id=\"wpforms-8\"><form id=\"wpforms-form-8\" class=\"wpforms-validate wpforms-form\" data-formid=\"8\" method=\"post\" enctype=\"multipart\/form-data\" action=\"\/en\/wp-json\/wp\/v2\/pages\/2041\" data-token=\"df5981dda1a06b7baf5b6a1dd2ae4466\"><noscript class=\"wpforms-error-noscript\">Please enable JavaScript in your browser to complete this form.<\/noscript><div class=\"wpforms-field-container\"><div id=\"wpforms-8-field_0-container\" class=\"wpforms-field wpforms-field-name\" data-field-id=\"0\"><label class=\"wpforms-field-label wpforms-label-hide\" for=\"wpforms-8-field_0\">Name\n<\/label><input type=\"text\" id=\"wpforms-8-field_0\" class=\"wpforms-field-large\" name=\"wpforms[fields][0]\" placeholder=\"Name\n\" ><\/div><div id=\"wpforms-8-field_1-container\" class=\"wpforms-field wpforms-field-email\" data-field-id=\"1\"><label class=\"wpforms-field-label wpforms-label-hide\" for=\"wpforms-8-field_1\">Email <span class=\"wpforms-required-label\">*<\/span><\/label><input type=\"email\" id=\"wpforms-8-field_1\" class=\"wpforms-field-large wpforms-field-required\" name=\"wpforms[fields][1]\" placeholder=\"Email\" spellcheck=\"false\" required><\/div><div id=\"wpforms-8-field_3-container\" class=\"wpforms-field wpforms-field-text\" data-field-id=\"3\"><label class=\"wpforms-field-label wpforms-label-hide\" for=\"wpforms-8-field_3\">Phone <span class=\"wpforms-required-label\">*<\/span><\/label><input type=\"text\" id=\"wpforms-8-field_3\" class=\"wpforms-field-large wpforms-field-required\" name=\"wpforms[fields][3]\" placeholder=\"Phone\" required><\/div><\/div><!-- .wpforms-field-container --><div class=\"wpforms-field wpforms-field-hp\"><label for=\"wpforms-8-field-hp\" class=\"wpforms-field-label\">Comment<\/label><input type=\"text\" name=\"wpforms[hp]\" id=\"wpforms-8-field-hp\" class=\"wpforms-field-medium\"><\/div><div class=\"wpforms-submit-container\" ><input type=\"hidden\" name=\"wpforms[id]\" value=\"8\"><input type=\"hidden\" name=\"wpforms[author]\" value=\"1\"><button type=\"submit\" name=\"wpforms[submit]\" id=\"wpforms-submit-8\" class=\"wpforms-submit\" data-alt-text=\"Siun\u010diama...\" data-submit-text=\"Send\" aria-live=\"assertive\" value=\"wpforms-submit\">Send<\/button><\/div><\/form><\/div>  <!-- .wpforms-container -->\t<\/div>\n\t\t\t\t<\/div>\n\t\t\t\t<\/div>\n\t\t\t\t\t<\/div>\n\t\t<\/div>\n\t\t\t\t\t\t\t<\/div>\n\t\t<\/section>\n\t\t\t\t\t\t\t<\/div>\n\t\t","protected":false},"excerpt":{"rendered":"<p>Recruitment of employees, or temporary employment, is a service that allows you to hire labour without the commitment of employment. We select employees according to our clients&#8217; requirements, employ them in our company and send them to work for our clients. Once recruited, the employees are under the authority of the client and carry out &hellip;<\/p>\n<p class=\"read-more\"> <a class=\"\" href=\"https:\/\/nostrum.lt\/en\/looking-for-an-employee\/recruitment-service\/\"> <span class=\"screen-reader-text\">Recruitment service<\/span> Read More \u00bb<\/a><\/p>\n","protected":false},"author":1,"featured_media":1868,"parent":2010,"menu_order":0,"comment_status":"closed","ping_status":"closed","template":"elementor_header_footer","meta":{"site-sidebar-layout":"no-sidebar","site-content-layout":"page-builder","ast-global-header-display":"","ast-main-header-display":"","ast-hfb-above-header-display":"","ast-hfb-below-header-display":"","ast-hfb-mobile-header-display":"","site-post-title":"disabled","ast-breadcrumbs-content":"","ast-featured-img":"disabled","footer-sml-layout":"","theme-transparent-header-meta":"default","adv-header-id-meta":"","stick-header-meta":"default","header-above-stick-meta":"","header-main-stick-meta":"","header-below-stick-meta":"","footnotes":""},"class_list":["post-2041","page","type-page","status-publish","has-post-thumbnail","hentry"],"acf":[],"yoast_head":"<!-- This site is optimized with the Yoast SEO plugin v24.4 - https:\/\/yoast.com\/wordpress\/plugins\/seo\/ -->\n<title>Recruitment service - Nostrum.lt<\/title>\n<meta name=\"robots\" content=\"index, follow, max-snippet:-1, max-image-preview:large, max-video-preview:-1\" \/>\n<link rel=\"canonical\" href=\"https:\/\/nostrum.lt\/en\/looking-for-an-employee\/recruitment-service\/\" \/>\n<meta property=\"og:locale\" content=\"en_US\" \/>\n<meta property=\"og:type\" content=\"article\" \/>\n<meta property=\"og:title\" content=\"Recruitment service - Nostrum.lt\" \/>\n<meta property=\"og:description\" content=\"Recruitment of employees, or temporary employment, is a service that allows you to hire labour without the commitment of employment. We select employees according to our clients&#8217; requirements, employ them in our company and send them to work for our clients. Once recruited, the employees are under the authority of the client and carry out &hellip; Recruitment service Read More \u00bb\" \/>\n<meta property=\"og:url\" content=\"https:\/\/nostrum.lt\/en\/looking-for-an-employee\/recruitment-service\/\" \/>\n<meta property=\"og:site_name\" content=\"Nostrum.lt\" \/>\n<meta property=\"article:modified_time\" content=\"2024-11-21T12:05:50+00:00\" \/>\n<meta property=\"og:image\" content=\"https:\/\/nostrum.lt\/wp-content\/uploads\/2024\/05\/darbuotoju_nuoma.jpg\" \/>\n\t<meta property=\"og:image:width\" content=\"2560\" \/>\n\t<meta property=\"og:image:height\" content=\"1707\" \/>\n\t<meta property=\"og:image:type\" content=\"image\/jpeg\" \/>\n<meta name=\"twitter:card\" content=\"summary_large_image\" \/>\n<meta name=\"twitter:label1\" content=\"Est. reading time\" \/>\n\t<meta name=\"twitter:data1\" content=\"1 minute\" \/>\n<script type=\"application\/ld+json\" class=\"yoast-schema-graph\">{\"@context\":\"https:\/\/schema.org\",\"@graph\":[{\"@type\":\"WebPage\",\"@id\":\"https:\/\/nostrum.lt\/en\/looking-for-an-employee\/recruitment-service\/\",\"url\":\"https:\/\/nostrum.lt\/en\/looking-for-an-employee\/recruitment-service\/\",\"name\":\"Recruitment service - Nostrum.lt\",\"isPartOf\":{\"@id\":\"https:\/\/nostrum.lt\/en\/#website\"},\"primaryImageOfPage\":{\"@id\":\"https:\/\/nostrum.lt\/en\/looking-for-an-employee\/recruitment-service\/#primaryimage\"},\"image\":{\"@id\":\"https:\/\/nostrum.lt\/en\/looking-for-an-employee\/recruitment-service\/#primaryimage\"},\"thumbnailUrl\":\"https:\/\/nostrum.lt\/wp-content\/uploads\/2024\/05\/darbuotoju_nuoma.jpg\",\"datePublished\":\"2024-05-23T13:40:47+00:00\",\"dateModified\":\"2024-11-21T12:05:50+00:00\",\"breadcrumb\":{\"@id\":\"https:\/\/nostrum.lt\/en\/looking-for-an-employee\/recruitment-service\/#breadcrumb\"},\"inLanguage\":\"en-US\",\"potentialAction\":[{\"@type\":\"ReadAction\",\"target\":[\"https:\/\/nostrum.lt\/en\/looking-for-an-employee\/recruitment-service\/\"]}]},{\"@type\":\"ImageObject\",\"inLanguage\":\"en-US\",\"@id\":\"https:\/\/nostrum.lt\/en\/looking-for-an-employee\/recruitment-service\/#primaryimage\",\"url\":\"https:\/\/nostrum.lt\/wp-content\/uploads\/2024\/05\/darbuotoju_nuoma.jpg\",\"contentUrl\":\"https:\/\/nostrum.lt\/wp-content\/uploads\/2024\/05\/darbuotoju_nuoma.jpg\",\"width\":2560,\"height\":1707,\"caption\":\"Darbuotoj\u0173 nuoma\"},{\"@type\":\"BreadcrumbList\",\"@id\":\"https:\/\/nostrum.lt\/en\/looking-for-an-employee\/recruitment-service\/#breadcrumb\",\"itemListElement\":[{\"@type\":\"ListItem\",\"position\":1,\"name\":\"Pradinis\",\"item\":\"https:\/\/nostrum.lt\/en\/\"},{\"@type\":\"ListItem\",\"position\":2,\"name\":\"Looking for an employee\",\"item\":\"https:\/\/nostrum.lt\/en\/ieskau-darbuotojo\/\"},{\"@type\":\"ListItem\",\"position\":3,\"name\":\"Recruitment service\"}]},{\"@type\":\"WebSite\",\"@id\":\"https:\/\/nostrum.lt\/en\/#website\",\"url\":\"https:\/\/nostrum.lt\/en\/\",\"name\":\"Nostrum.lt\",\"description\":\"\",\"publisher\":{\"@id\":\"https:\/\/nostrum.lt\/en\/#organization\"},\"potentialAction\":[{\"@type\":\"SearchAction\",\"target\":{\"@type\":\"EntryPoint\",\"urlTemplate\":\"https:\/\/nostrum.lt\/en\/?s={search_term_string}\"},\"query-input\":{\"@type\":\"PropertyValueSpecification\",\"valueRequired\":true,\"valueName\":\"search_term_string\"}}],\"inLanguage\":\"en-US\"},{\"@type\":\"Organization\",\"@id\":\"https:\/\/nostrum.lt\/en\/#organization\",\"name\":\"Nostrum.lt\",\"url\":\"https:\/\/nostrum.lt\/en\/\",\"logo\":{\"@type\":\"ImageObject\",\"inLanguage\":\"en-US\",\"@id\":\"https:\/\/nostrum.lt\/en\/#\/schema\/logo\/image\/\",\"url\":\"https:\/\/nostrum.lt\/wp-content\/uploads\/2023\/10\/nostrum_logo.png\",\"contentUrl\":\"https:\/\/nostrum.lt\/wp-content\/uploads\/2023\/10\/nostrum_logo.png\",\"width\":1750,\"height\":510,\"caption\":\"Nostrum.lt\"},\"image\":{\"@id\":\"https:\/\/nostrum.lt\/en\/#\/schema\/logo\/image\/\"}}]}<\/script>\n<!-- \/ Yoast SEO plugin. -->","yoast_head_json":{"title":"Recruitment service - Nostrum.lt","robots":{"index":"index","follow":"follow","max-snippet":"max-snippet:-1","max-image-preview":"max-image-preview:large","max-video-preview":"max-video-preview:-1"},"canonical":"https:\/\/nostrum.lt\/en\/looking-for-an-employee\/recruitment-service\/","og_locale":"en_US","og_type":"article","og_title":"Recruitment service - Nostrum.lt","og_description":"Recruitment of employees, or temporary employment, is a service that allows you to hire labour without the commitment of employment. We select employees according to our clients&#8217; requirements, employ them in our company and send them to work for our clients. Once recruited, the employees are under the authority of the client and carry out &hellip; Recruitment service Read More \u00bb","og_url":"https:\/\/nostrum.lt\/en\/looking-for-an-employee\/recruitment-service\/","og_site_name":"Nostrum.lt","article_modified_time":"2024-11-21T12:05:50+00:00","og_image":[{"width":2560,"height":1707,"url":"https:\/\/nostrum.lt\/wp-content\/uploads\/2024\/05\/darbuotoju_nuoma.jpg","type":"image\/jpeg"}],"twitter_card":"summary_large_image","twitter_misc":{"Est. reading time":"1 minute"},"schema":{"@context":"https:\/\/schema.org","@graph":[{"@type":"WebPage","@id":"https:\/\/nostrum.lt\/en\/looking-for-an-employee\/recruitment-service\/","url":"https:\/\/nostrum.lt\/en\/looking-for-an-employee\/recruitment-service\/","name":"Recruitment service - Nostrum.lt","isPartOf":{"@id":"https:\/\/nostrum.lt\/en\/#website"},"primaryImageOfPage":{"@id":"https:\/\/nostrum.lt\/en\/looking-for-an-employee\/recruitment-service\/#primaryimage"},"image":{"@id":"https:\/\/nostrum.lt\/en\/looking-for-an-employee\/recruitment-service\/#primaryimage"},"thumbnailUrl":"https:\/\/nostrum.lt\/wp-content\/uploads\/2024\/05\/darbuotoju_nuoma.jpg","datePublished":"2024-05-23T13:40:47+00:00","dateModified":"2024-11-21T12:05:50+00:00","breadcrumb":{"@id":"https:\/\/nostrum.lt\/en\/looking-for-an-employee\/recruitment-service\/#breadcrumb"},"inLanguage":"en-US","potentialAction":[{"@type":"ReadAction","target":["https:\/\/nostrum.lt\/en\/looking-for-an-employee\/recruitment-service\/"]}]},{"@type":"ImageObject","inLanguage":"en-US","@id":"https:\/\/nostrum.lt\/en\/looking-for-an-employee\/recruitment-service\/#primaryimage","url":"https:\/\/nostrum.lt\/wp-content\/uploads\/2024\/05\/darbuotoju_nuoma.jpg","contentUrl":"https:\/\/nostrum.lt\/wp-content\/uploads\/2024\/05\/darbuotoju_nuoma.jpg","width":2560,"height":1707,"caption":"Darbuotoj\u0173 nuoma"},{"@type":"BreadcrumbList","@id":"https:\/\/nostrum.lt\/en\/looking-for-an-employee\/recruitment-service\/#breadcrumb","itemListElement":[{"@type":"ListItem","position":1,"name":"Pradinis","item":"https:\/\/nostrum.lt\/en\/"},{"@type":"ListItem","position":2,"name":"Looking for an employee","item":"https:\/\/nostrum.lt\/en\/ieskau-darbuotojo\/"},{"@type":"ListItem","position":3,"name":"Recruitment service"}]},{"@type":"WebSite","@id":"https:\/\/nostrum.lt\/en\/#website","url":"https:\/\/nostrum.lt\/en\/","name":"Nostrum.lt","description":"","publisher":{"@id":"https:\/\/nostrum.lt\/en\/#organization"},"potentialAction":[{"@type":"SearchAction","target":{"@type":"EntryPoint","urlTemplate":"https:\/\/nostrum.lt\/en\/?s={search_term_string}"},"query-input":{"@type":"PropertyValueSpecification","valueRequired":true,"valueName":"search_term_string"}}],"inLanguage":"en-US"},{"@type":"Organization","@id":"https:\/\/nostrum.lt\/en\/#organization","name":"Nostrum.lt","url":"https:\/\/nostrum.lt\/en\/","logo":{"@type":"ImageObject","inLanguage":"en-US","@id":"https:\/\/nostrum.lt\/en\/#\/schema\/logo\/image\/","url":"https:\/\/nostrum.lt\/wp-content\/uploads\/2023\/10\/nostrum_logo.png","contentUrl":"https:\/\/nostrum.lt\/wp-content\/uploads\/2023\/10\/nostrum_logo.png","width":1750,"height":510,"caption":"Nostrum.lt"},"image":{"@id":"https:\/\/nostrum.lt\/en\/#\/schema\/logo\/image\/"}}]}},"_links":{"self":[{"href":"https:\/\/nostrum.lt\/en\/wp-json\/wp\/v2\/pages\/2041","targetHints":{"allow":["GET"]}}],"collection":[{"href":"https:\/\/nostrum.lt\/en\/wp-json\/wp\/v2\/pages"}],"about":[{"href":"https:\/\/nostrum.lt\/en\/wp-json\/wp\/v2\/types\/page"}],"author":[{"embeddable":true,"href":"https:\/\/nostrum.lt\/en\/wp-json\/wp\/v2\/users\/1"}],"replies":[{"embeddable":true,"href":"https:\/\/nostrum.lt\/en\/wp-json\/wp\/v2\/comments?post=2041"}],"version-history":[{"count":4,"href":"https:\/\/nostrum.lt\/en\/wp-json\/wp\/v2\/pages\/2041\/revisions"}],"predecessor-version":[{"id":2045,"href":"https:\/\/nostrum.lt\/en\/wp-json\/wp\/v2\/pages\/2041\/revisions\/2045"}],"up":[{"embeddable":true,"href":"https:\/\/nostrum.lt\/en\/wp-json\/wp\/v2\/pages\/2010"}],"wp:featuredmedia":[{"embeddable":true,"href":"https:\/\/nostrum.lt\/en\/wp-json\/wp\/v2\/media\/1868"}],"wp:attachment":[{"href":"https:\/\/nostrum.lt\/en\/wp-json\/wp\/v2\/media?parent=2041"}],"curies":[{"name":"wp","href":"https:\/\/api.w.org\/{rel}","templated":true}]}}